{"id":11578,"date":"2025-08-16T01:37:22","date_gmt":"2025-08-15T22:37:22","guid":{"rendered":"https:\/\/kastabala.com\/?post_type=product&#038;p=11578"},"modified":"2025-12-01T16:17:29","modified_gmt":"2025-12-01T13:17:29","slug":"baslangic-kademesi-4","status":"publish","type":"product","link":"https:\/\/kastabala.com\/tr\/urun\/baslangic-kademesi-4\/","title":{"rendered":"Ba\u015flang\u0131\u00e7 - Kademe 4"},"content":{"rendered":"","protected":false},"excerpt":{"rendered":"","protected":false},"featured_media":0,"comment_status":"open","ping_status":"closed","template":"","meta":[],"product_brand":[],"product_cat":[130,128],"product_tag":[],"class_list":{"0":"post-11578","1":"product","2":"type-product","3":"status-publish","5":"product_cat-e-commerce-hosting","6":"product_cat-hosting","8":"first","9":"instock","10":"taxable","11":"shipping-taxable","12":"purchasable","13":"product-type-simple"},"_links":{"self":[{"href":"https:\/\/kastabala.com\/tr\/wp-json\/wp\/v2\/product\/11578","targetHints":{"allow":["GET"]}}],"collection":[{"href":"https:\/\/kastabala.com\/tr\/wp-json\/wp\/v2\/product"}],"about":[{"href":"https:\/\/kastabala.com\/tr\/wp-json\/wp\/v2\/types\/product"}],"replies":[{"embeddable":true,"href":"https:\/\/kastabala.com\/tr\/wp-json\/wp\/v2\/comments?post=11578"}],"version-history":[{"count":1,"href":"https:\/\/kastabala.com\/tr\/wp-json\/wp\/v2\/product\/11578\/revisions"}],"predecessor-version":[{"id":11579,"href":"https:\/\/kastabala.com\/tr\/wp-json\/wp\/v2\/product\/11578\/revisions\/11579"}],"wp:attachment":[{"href":"https:\/\/kastabala.com\/tr\/wp-json\/wp\/v2\/media?parent=11578"}],"wp:term":[{"taxonomy":"product_brand","embeddable":true,"href":"https:\/\/kastabala.com\/tr\/wp-json\/wp\/v2\/product_brand?post=11578"},{"taxonomy":"product_cat","embeddable":true,"href":"https:\/\/kastabala.com\/tr\/wp-json\/wp\/v2\/product_cat?post=11578"},{"taxonomy":"product_tag","embeddable":true,"href":"https:\/\/kastabala.com\/tr\/wp-json\/wp\/v2\/product_tag?post=11578"}],"curies":[{"name":"wp","href":"https:\/\/api.w.org\/{rel}","templated":true}]}}