{"id":2024,"date":"2022-11-30T15:56:39","date_gmt":"2022-11-30T15:56:39","guid":{"rendered":"http:\/\/dummy.xtemos.com\/woodmart2\/mega-electronics-elementor\/?page_id=14"},"modified":"2025-08-16T14:53:03","modified_gmt":"2025-08-16T11:53:03","slug":"home","status":"publish","type":"page","link":"https:\/\/kastabala.com\/tr\/","title":{"rendered":"Anasayfa"},"content":{"rendered":"<div data-elementor-type=\"wp-page\" data-elementor-id=\"2024\" class=\"elementor elementor-2024\">\n\t\t\t\t<div class=\"wd-negative-gap elementor-element elementor-element-3f0349b e-flex e-con-boxed e-con e-parent\" data-id=\"3f0349b\" data-element_type=\"container\" data-e-type=\"container\">\n\t\t\t\t\t<div class=\"e-con-inner\">\n\t\t<div class=\"elementor-element elementor-element-67ca5c7 e-con-full e-flex e-con e-child\" data-id=\"67ca5c7\" data-element_type=\"container\" data-e-type=\"container\">\n\t\t<div class=\"elementor-element elementor-element-d429631 e-con-full e-flex e-con e-child\" data-id=\"d429631\" data-element_type=\"container\" data-e-type=\"container\" data-settings=\"{&quot;background_background&quot;:&quot;classic&quot;}\">\n\t\t<div class=\"elementor-element elementor-element-344fab0 e-con-full e-flex e-con e-child\" data-id=\"344fab0\" data-element_type=\"container\" data-e-type=\"container\">\n\t\t\t\t<div class=\"elementor-element elementor-element-dc50107 elementor-widget elementor-widget-wd_image_or_svg\" data-id=\"dc50107\" data-element_type=\"widget\" data-e-type=\"widget\" data-widget_type=\"wd_image_or_svg.default\">\n\t\t\t\t<div class=\"elementor-widget-container\">\n\t\t\t\t\t\n\t\t<div class=\"wd-image text-center\">\n\t\t\t\t\t\t\t\t<img loading=\"lazy\" decoding=\"async\" width=\"700\" height=\"467\" src=\"https:\/\/kastabala.com\/wp-content\/uploads\/2025\/01\/e-ticaret-turkiye-istanbul.png\" class=\"attachment-full size-full\" alt=\"\" srcset=\"https:\/\/kastabala.com\/wp-content\/uploads\/2025\/01\/e-ticaret-turkiye-istanbul.png 700w, https:\/\/kastabala.com\/wp-content\/uploads\/2025\/01\/e-ticaret-turkiye-istanbul-300x200.png 300w, https:\/\/kastabala.com\/wp-content\/uploads\/2025\/01\/e-ticaret-turkiye-istanbul-150x100.png 150w, https:\/\/kastabala.com\/wp-content\/uploads\/2025\/01\/e-ticaret-turkiye-istanbul-454x303.png 454w\" sizes=\"auto, (max-width: 700px) 100vw, 700px\" \/>\t\t\t\t\t<\/div>\n\n\t\t\t\t\t\t<\/div>\n\t\t\t\t<\/div>\n\t\t\t\t<\/div>\n\t\t<div class=\"elementor-element elementor-element-20309da e-con-full e-flex e-con e-child\" data-id=\"20309da\" data-element_type=\"container\" data-e-type=\"container\">\n\t\t\t\t<div class=\"elementor-element elementor-element-ae86de8 wd-width-100 elementor-widget elementor-widget-wd_title\" data-id=\"ae86de8\" data-element_type=\"widget\" data-e-type=\"widget\" data-widget_type=\"wd_title.default\">\n\t\t\t\t<div class=\"elementor-widget-container\">\n\t\t\t\t\t\t\t<div class=\"title-wrapper wd-set-mb reset-last-child wd-title-color-default wd-title-style-default wd-title-size-default text-left\">\n\n\t\t\t\n\t\t\t<div class=\"liner-continer\">\n\t\t\t\t<h2 class=\"woodmart-title-container title wd-fontsize-l\">E-Ticaret \u00c7\u00f6z\u00fcmleri: Yenilik\u00e7i Teknoloji, \u00dcst\u00fcn Performans<\/h2> \n\t\t\t\t\t\t\t<\/div>\n\n\t\t\t\t\t\t\t<div class=\"title-after_title reset-last-child wd-fontsize-xs\">\n\t\t\t\t\tModern e-ticaret d\u00fcnyas\u0131nda ba\u015far\u0131, h\u0131z ve kalitede m\u00fckemmelli\u011fi yakalamaktan ge\u00e7iyor. Geli\u015fmi\u015f teknolojik altyap\u0131m\u0131z ve uzman ekibimizle, i\u015fletmenizin dijital d\u00f6n\u00fc\u015f\u00fcm yolculu\u011funda g\u00fcvenilir orta\u011f\u0131n\u0131z oluyoruz.\t\t\t\t<\/div>\n\t\t\t\t\t<\/div>\n\t\t\t\t\t\t<\/div>\n\t\t\t\t<\/div>\n\t\t<div class=\"wd-negative-gap elementor-element elementor-element-adaa617 e-flex e-con-boxed e-con e-child\" data-id=\"adaa617\" data-element_type=\"container\" data-e-type=\"container\">\n\t\t\t\t\t<div class=\"e-con-inner\">\n\t\t\t\t<div class=\"elementor-element elementor-element-97ceb43 elementor-widget__width-auto elementor-widget elementor-widget-wd_button\" data-id=\"97ceb43\" data-element_type=\"widget\" data-e-type=\"widget\" data-widget_type=\"wd_button.default\">\n\t\t\t\t<div class=\"elementor-widget-container\">\n\t\t\t\t\t\t\t<div class=\"wd-button-wrapper text-left\" >\n\t\t\t<a class=\"btn btn-style-default btn-shape-semi-round btn-size-small btn-icon-pos-left\"  href=\"#\">\n\t\t\t\t<span class=\"wd-btn-text\" data-elementor-setting-key=\"text\">\n\t\t\t\t\tY\u00fcksek Performans Garantisi\t\t\t\t<\/span>\n\n\t\t\t\t\t\t\t\t\t<span class=\"wd-btn-icon\">\n\t\t\t\t\t\t<svg class=\"wd-icon e-font-icon-svg e-fas-rocket\" viewbox=\"0 0 512 512\" xmlns=\"http:\/\/www.w3.org\/2000\/svg\"><path d=\"M505.12019,19.09375c-1.18945-5.53125-6.65819-11-12.207-12.1875C460.716,0,435.507,0,410.40747,0,307.17523,0,245.26909,55.20312,199.05238,128H94.83772c-16.34763.01562-35.55658,11.875-42.88664,26.48438L2.51562,253.29688A28.4,28.4,0,0,0,0,264a24.00867,24.00867,0,0,0,24.00582,24H127.81618l-22.47457,22.46875c-11.36521,11.36133-12.99607,32.25781,0,45.25L156.24582,406.625c11.15623,11.1875,32.15619,13.15625,45.27726,0l22.47457-22.46875V488a24.00867,24.00867,0,0,0,24.00581,24,28.55934,28.55934,0,0,0,10.707-2.51562l98.72834-49.39063c14.62888-7.29687,26.50776-26.5,26.50776-42.85937V312.79688c72.59753-46.3125,128.03493-108.40626,128.03493-211.09376C512.07526,76.5,512.07526,51.29688,505.12019,19.09375ZM384.04033,168A40,40,0,1,1,424.05,128,40.02322,40.02322,0,0,1,384.04033,168Z\"><\/path><\/svg>\t\t\t\t\t<\/span>\n\t\t\t\t\t\t\t<\/a>\n\t\t<\/div>\n\t\t\t\t\t\t<\/div>\n\t\t\t\t<\/div>\n\t\t\t\t<div class=\"elementor-element elementor-element-3376901 elementor-widget__width-auto elementor-widget elementor-widget-wd_button\" data-id=\"3376901\" data-element_type=\"widget\" data-e-type=\"widget\" data-widget_type=\"wd_button.default\">\n\t\t\t\t<div class=\"elementor-widget-container\">\n\t\t\t\t\t\t\t<div class=\"wd-button-wrapper text-left\" >\n\t\t\t<a class=\"btn btn-style-default btn-shape-semi-round btn-size-small btn-icon-pos-left\"  href=\"#\">\n\t\t\t\t<span class=\"wd-btn-text\" data-elementor-setting-key=\"text\">\n\t\t\t\t\tM\u00fc\u015fteri Odakl\u0131 Yakla\u015f\u0131m\t\t\t\t<\/span>\n\n\t\t\t\t\t\t\t\t\t<span class=\"wd-btn-icon\">\n\t\t\t\t\t\t<svg class=\"wd-icon e-font-icon-svg e-fas-user-tag\" viewbox=\"0 0 640 512\" xmlns=\"http:\/\/www.w3.org\/2000\/svg\"><path d=\"M630.6 364.9l-90.3-90.2c-12-12-28.3-18.7-45.3-18.7h-79.3c-17.7 0-32 14.3-32 32v79.2c0 17 6.7 33.2 18.7 45.2l90.3 90.2c12.5 12.5 32.8 12.5 45.3 0l92.5-92.5c12.6-12.5 12.6-32.7.1-45.2zm-182.8-21c-13.3 0-24-10.7-24-24s10.7-24 24-24 24 10.7 24 24c0 13.2-10.7 24-24 24zm-223.8-88c70.7 0 128-57.3 128-128C352 57.3 294.7 0 224 0S96 57.3 96 128c0 70.6 57.3 127.9 128 127.9zm127.8 111.2V294c-12.2-3.6-24.9-6.2-38.2-6.2h-16.7c-22.2 10.2-46.9 16-72.9 16s-50.6-5.8-72.9-16h-16.7C60.2 287.9 0 348.1 0 422.3v41.6c0 26.5 21.5 48 48 48h352c15.5 0 29.1-7.5 37.9-18.9l-58-58c-18.1-18.1-28.1-42.2-28.1-67.9z\"><\/path><\/svg>\t\t\t\t\t<\/span>\n\t\t\t\t\t\t\t<\/a>\n\t\t<\/div>\n\t\t\t\t\t\t<\/div>\n\t\t\t\t<\/div>\n\t\t\t\t<div class=\"elementor-element elementor-element-76742fa elementor-widget__width-auto elementor-widget elementor-widget-wd_button\" data-id=\"76742fa\" data-element_type=\"widget\" data-e-type=\"widget\" data-widget_type=\"wd_button.default\">\n\t\t\t\t<div class=\"elementor-widget-container\">\n\t\t\t\t\t\t\t<div class=\"wd-button-wrapper text-left\" >\n\t\t\t<a class=\"btn btn-style-default btn-shape-semi-round btn-size-small btn-icon-pos-left\"  href=\"#\">\n\t\t\t\t<span class=\"wd-btn-text\" data-elementor-setting-key=\"text\">\n\t\t\t\t\tKapsaml\u0131 E-Ticaret \u00c7\u00f6z\u00fcmleri\t\t\t\t<\/span>\n\n\t\t\t\t\t\t\t\t\t<span class=\"wd-btn-icon\">\n\t\t\t\t\t\t<svg class=\"wd-icon e-font-icon-svg e-fas-shopping-cart\" viewbox=\"0 0 576 512\" xmlns=\"http:\/\/www.w3.org\/2000\/svg\"><path d=\"M528.12 301.319l47.273-208C578.806 78.301 567.391 64 551.99 64H159.208l-9.166-44.81C147.758 8.021 137.93 0 126.529 0H24C10.745 0 0 10.745 0 24v16c0 13.255 10.745 24 24 24h69.883l70.248 343.435C147.325 417.1 136 435.222 136 456c0 30.928 25.072 56 56 56s56-25.072 56-56c0-15.674-6.447-29.835-16.824-40h209.647C430.447 426.165 424 440.326 424 456c0 30.928 25.072 56 56 56s56-25.072 56-56c0-22.172-12.888-41.332-31.579-50.405l5.517-24.276c3.413-15.018-8.002-29.319-23.403-29.319H218.117l-6.545-32h293.145c11.206 0 20.92-7.754 23.403-18.681z\"><\/path><\/svg>\t\t\t\t\t<\/span>\n\t\t\t\t\t\t\t<\/a>\n\t\t<\/div>\n\t\t\t\t\t\t<\/div>\n\t\t\t\t<\/div>\n\t\t\t\t<div class=\"elementor-element elementor-element-7651ec6 elementor-widget__width-auto elementor-widget elementor-widget-wd_button\" data-id=\"7651ec6\" data-element_type=\"widget\" data-e-type=\"widget\" data-widget_type=\"wd_button.default\">\n\t\t\t\t<div class=\"elementor-widget-container\">\n\t\t\t\t\t\t\t<div class=\"wd-button-wrapper text-left\" >\n\t\t\t<a class=\"btn btn-style-default btn-shape-semi-round btn-size-small btn-icon-pos-left\"  href=\"#\">\n\t\t\t\t<span class=\"wd-btn-text\" data-elementor-setting-key=\"text\">\n\t\t\t\t\tK\u00fcresel E-\u0130hracat Deste\u011fi\t\t\t\t<\/span>\n\n\t\t\t\t\t\t\t\t\t<span class=\"wd-btn-icon\">\n\t\t\t\t\t\t<svg class=\"wd-icon e-font-icon-svg e-fas-globe-africa\" viewbox=\"0 0 496 512\" xmlns=\"http:\/\/www.w3.org\/2000\/svg\"><path d=\"M248 8C111.03 8 0 119.03 0 256s111.03 248 248 248 248-111.03 248-248S384.97 8 248 8zm160 215.5v6.93c0 5.87-3.32 11.24-8.57 13.86l-15.39 7.7a15.485 15.485 0 0 1-15.53-.97l-18.21-12.14a15.52 15.52 0 0 0-13.5-1.81l-2.65.88c-9.7 3.23-13.66 14.79-7.99 23.3l13.24 19.86c2.87 4.31 7.71 6.9 12.89 6.9h8.21c8.56 0 15.5 6.94 15.5 15.5v11.34c0 3.35-1.09 6.62-3.1 9.3l-18.74 24.98c-1.42 1.9-2.39 4.1-2.83 6.43l-4.3 22.83c-.62 3.29-2.29 6.29-4.76 8.56a159.608 159.608 0 0 0-25 29.16l-13.03 19.55a27.756 27.756 0 0 1-23.09 12.36c-10.51 0-20.12-5.94-24.82-15.34a78.902 78.902 0 0 1-8.33-35.29V367.5c0-8.56-6.94-15.5-15.5-15.5h-25.88c-14.49 0-28.38-5.76-38.63-16a54.659 54.659 0 0 1-16-38.63v-14.06c0-17.19 8.1-33.38 21.85-43.7l27.58-20.69a54.663 54.663 0 0 1 32.78-10.93h.89c8.48 0 16.85 1.97 24.43 5.77l14.72 7.36c3.68 1.84 7.93 2.14 11.83.84l47.31-15.77c6.33-2.11 10.6-8.03 10.6-14.7 0-8.56-6.94-15.5-15.5-15.5h-10.09c-4.11 0-8.05-1.63-10.96-4.54l-6.92-6.92a15.493 15.493 0 0 0-10.96-4.54H199.5c-8.56 0-15.5-6.94-15.5-15.5v-4.4c0-7.11 4.84-13.31 11.74-15.04l14.45-3.61c3.74-.94 7-3.23 9.14-6.44l8.08-12.11c2.87-4.31 7.71-6.9 12.89-6.9h24.21c8.56 0 15.5-6.94 15.5-15.5v-21.7C359.23 71.63 422.86 131.02 441.93 208H423.5c-8.56 0-15.5 6.94-15.5 15.5z\"><\/path><\/svg>\t\t\t\t\t<\/span>\n\t\t\t\t\t\t\t<\/a>\n\t\t<\/div>\n\t\t\t\t\t\t<\/div>\n\t\t\t\t<\/div>\n\t\t\t\t\t<\/div>\n\t\t\t\t<\/div>\n\t\t\t\t<div class=\"elementor-element elementor-element-6210aef elementor-widget elementor-widget-wd_button\" data-id=\"6210aef\" data-element_type=\"widget\" data-e-type=\"widget\" data-widget_type=\"wd_button.default\">\n\t\t\t\t<div class=\"elementor-widget-container\">\n\t\t\t\t\t\t\t<div class=\"wd-button-wrapper text-left\" >\n\t\t\t<a class=\"btn btn-style-default btn-shape-semi-round btn-size-default btn-icon-pos-left\"  href=\"#\">\n\t\t\t\t<span class=\"wd-btn-text\" data-elementor-setting-key=\"text\">\n\t\t\t\t\tKE\u015eFET\t\t\t\t<\/span>\n\n\t\t\t\t\t\t\t<\/a>\n\t\t<\/div>\n\t\t\t\t\t\t<\/div>\n\t\t\t\t<\/div>\n\t\t\t\t<\/div>\n\t\t\t\t<\/div>\n\t\t<div class=\"elementor-element elementor-element-e522a5c e-con-full e-flex e-con e-child\" data-id=\"e522a5c\" data-element_type=\"container\" data-e-type=\"container\">\n\t\t\t\t<div class=\"elementor-element elementor-element-a34aa36 elementor-widget__width-initial elementor-widget elementor-widget-wd_banner\" data-id=\"a34aa36\" data-element_type=\"widget\" data-e-type=\"widget\" data-widget_type=\"wd_banner.default\">\n\t\t\t\t<div class=\"elementor-widget-container\">\n\t\t\t\t\t\t\t<div class=\"promo-banner-wrapper\">\n\t\t\t<div class=\"promo-banner banner-default banner-hover-zoom color-scheme-light banner-btn-size-small banner-btn-style-default with-btn banner-btn-position-static\">\n\t\t\t\t<div class=\"main-wrapp-img\">\n\t\t\t\t\t<div class=\"banner-image\">\n\t\t\t\t\t\t\t\t\t\t\t\t\t\t\t\t\t\t\t\t\t<img loading=\"lazy\" decoding=\"async\" width=\"920\" height=\"560\" src=\"https:\/\/kastabala.com\/wp-content\/uploads\/2025\/08\/1-1.jpg\" class=\"attachment-full size-full\" alt=\"\" srcset=\"https:\/\/kastabala.com\/wp-content\/uploads\/2025\/08\/1-1.jpg 920w, https:\/\/kastabala.com\/wp-content\/uploads\/2025\/08\/1-1-300x183.jpg 300w, https:\/\/kastabala.com\/wp-content\/uploads\/2025\/08\/1-1-768x467.jpg 768w, https:\/\/kastabala.com\/wp-content\/uploads\/2025\/08\/1-1-18x12.jpg 18w, https:\/\/kastabala.com\/wp-content\/uploads\/2025\/08\/1-1-150x91.jpg 150w\" sizes=\"auto, (max-width: 920px) 100vw, 920px\" \/>\t\t\t\t\t\t\t\t\t\t\t\t\t\t\t\t\t\t<\/div>\n\t\t\t\t<\/div>\n\n\t\t\t\t<div class=\"wrapper-content-banner wd-fill wd-items-top wd-justify-left\">\n\t\t\t\t\t<div class=\"content-banner  text-left\">\n\t\t\t\t\t\t\n\t\t\t\t\t\t\t\t\t\t\t\t\t<h4 class=\"banner-title wd-fontsize-l\" data-elementor-setting-key=\"title\">\n\t\t\t\t\t\t\t\tWeb Hosting\t\t\t\t\t\t\t<\/h4>\n\t\t\t\t\t\t\n\t\t\t\t\t\t\t\t\t\t\t\t\t<div class=\"banner-inner reset-last-child wd-fontsize-xs\" data-elementor-setting-key=\"content\">\n\t\t\t\t\t\t\t\t<p>TR Hosting<\/p>\n\t\t\t\t\t\t\t<\/div>\n\t\t\t\t\t\t\n\t\t\t\t\t\t\n\t\t\t\t\t\t\t\t\t\t\t\t\t<div class=\"banner-btn-wrapper\">\n\t\t\t\t\t\t\t\t\t\t<div class=\"wd-button-wrapper text-left\" >\n\t\t\t<a class=\"btn btn-style-default btn-shape-semi-round btn-size-small btn-color-white btn-icon-pos-right\" >\n\t\t\t\t<span class=\"wd-btn-text\" data-elementor-setting-key=\"text\">\n\t\t\t\t\tDetaylar\u0131 G\u00f6r\u00fcnt\u00fcle\t\t\t\t<\/span>\n\n\t\t\t\t\t\t\t<\/a>\n\t\t<\/div>\n\t\t\t\t\t\t\t\t\t<\/div>\n\t\t\t\t\t\t\t\t\t\t\t<\/div>\n\t\t\t\t<\/div>\n\n\t\t\t\t\t\t\t<\/div>\n\t\t<\/div>\n\t\t\t\t\t\t<\/div>\n\t\t\t\t<\/div>\n\t\t\t\t<div class=\"elementor-element elementor-element-8370220 elementor-widget__width-initial elementor-widget elementor-widget-wd_banner\" data-id=\"8370220\" data-element_type=\"widget\" data-e-type=\"widget\" data-widget_type=\"wd_banner.default\">\n\t\t\t\t<div class=\"elementor-widget-container\">\n\t\t\t\t\t\t\t<div class=\"promo-banner-wrapper\">\n\t\t\t<div class=\"promo-banner banner-default banner-hover-zoom color-scheme-light banner-btn-size-small banner-btn-style-default with-btn banner-btn-position-static\">\n\t\t\t\t<div class=\"main-wrapp-img\">\n\t\t\t\t\t<div class=\"banner-image\">\n\t\t\t\t\t\t\t\t\t\t\t\t\t\t\t\t\t\t\t\t\t<img loading=\"lazy\" decoding=\"async\" width=\"920\" height=\"560\" src=\"https:\/\/kastabala.com\/wp-content\/uploads\/2025\/08\/2.jpg\" class=\"attachment-full size-full\" alt=\"\" srcset=\"https:\/\/kastabala.com\/wp-content\/uploads\/2025\/08\/2.jpg 920w, https:\/\/kastabala.com\/wp-content\/uploads\/2025\/08\/2-300x183.jpg 300w, https:\/\/kastabala.com\/wp-content\/uploads\/2025\/08\/2-768x467.jpg 768w, https:\/\/kastabala.com\/wp-content\/uploads\/2025\/08\/2-18x12.jpg 18w, https:\/\/kastabala.com\/wp-content\/uploads\/2025\/08\/2-150x91.jpg 150w\" sizes=\"auto, (max-width: 920px) 100vw, 920px\" \/>\t\t\t\t\t\t\t\t\t\t\t\t\t\t\t\t\t\t<\/div>\n\t\t\t\t<\/div>\n\n\t\t\t\t<div class=\"wrapper-content-banner wd-fill wd-items-top wd-justify-left\">\n\t\t\t\t\t<div class=\"content-banner  text-left\">\n\t\t\t\t\t\t\n\t\t\t\t\t\t\t\t\t\t\t\t\t<h4 class=\"banner-title wd-fontsize-l\" data-elementor-setting-key=\"title\">\n\t\t\t\t\t\t\t\tWeb Hosting\t\t\t\t\t\t\t<\/h4>\n\t\t\t\t\t\t\n\t\t\t\t\t\t\t\t\t\t\t\t\t<div class=\"banner-inner reset-last-child wd-fontsize-xs\" data-elementor-setting-key=\"content\">\n\t\t\t\t\t\t\t\t<p>AB Hosting<\/p>\n\t\t\t\t\t\t\t<\/div>\n\t\t\t\t\t\t\n\t\t\t\t\t\t\n\t\t\t\t\t\t\t\t\t\t\t\t\t<div class=\"banner-btn-wrapper\">\n\t\t\t\t\t\t\t\t\t\t<div class=\"wd-button-wrapper text-left\" >\n\t\t\t<a class=\"btn btn-style-default btn-shape-semi-round btn-size-small btn-color-white btn-icon-pos-right\" >\n\t\t\t\t<span class=\"wd-btn-text\" data-elementor-setting-key=\"text\">\n\t\t\t\t\tDetaylar\u0131 G\u00f6r\u00fcnt\u00fcle\t\t\t\t<\/span>\n\n\t\t\t\t\t\t\t<\/a>\n\t\t<\/div>\n\t\t\t\t\t\t\t\t\t<\/div>\n\t\t\t\t\t\t\t\t\t\t\t<\/div>\n\t\t\t\t<\/div>\n\n\t\t\t\t\t\t\t<\/div>\n\t\t<\/div>\n\t\t\t\t\t\t<\/div>\n\t\t\t\t<\/div>\n\t\t\t\t<div class=\"elementor-element elementor-element-1a971bc elementor-widget__width-initial elementor-widget elementor-widget-wd_banner\" data-id=\"1a971bc\" data-element_type=\"widget\" data-e-type=\"widget\" data-widget_type=\"wd_banner.default\">\n\t\t\t\t<div class=\"elementor-widget-container\">\n\t\t\t\t\t\t\t<div class=\"promo-banner-wrapper\">\n\t\t\t<div class=\"promo-banner banner-default banner-hover-zoom color-scheme-light banner-btn-size-small banner-btn-style-default with-btn banner-btn-position-static\">\n\t\t\t\t<div class=\"main-wrapp-img\">\n\t\t\t\t\t<div class=\"banner-image\">\n\t\t\t\t\t\t\t\t\t\t\t\t\t\t\t\t\t\t\t\t\t<img loading=\"lazy\" decoding=\"async\" width=\"920\" height=\"560\" src=\"https:\/\/kastabala.com\/wp-content\/uploads\/2025\/08\/3.jpg\" class=\"attachment-full size-full\" alt=\"\" srcset=\"https:\/\/kastabala.com\/wp-content\/uploads\/2025\/08\/3.jpg 920w, https:\/\/kastabala.com\/wp-content\/uploads\/2025\/08\/3-300x183.jpg 300w, https:\/\/kastabala.com\/wp-content\/uploads\/2025\/08\/3-768x467.jpg 768w, https:\/\/kastabala.com\/wp-content\/uploads\/2025\/08\/3-18x12.jpg 18w, https:\/\/kastabala.com\/wp-content\/uploads\/2025\/08\/3-150x91.jpg 150w\" sizes=\"auto, (max-width: 920px) 100vw, 920px\" \/>\t\t\t\t\t\t\t\t\t\t\t\t\t\t\t\t\t\t<\/div>\n\t\t\t\t<\/div>\n\n\t\t\t\t<div class=\"wrapper-content-banner wd-fill wd-items-top wd-justify-left\">\n\t\t\t\t\t<div class=\"content-banner  text-left\">\n\t\t\t\t\t\t\n\t\t\t\t\t\t\t\t\t\t\t\t\t<h4 class=\"banner-title wd-fontsize-l\" data-elementor-setting-key=\"title\">\n\t\t\t\t\t\t\t\tMailChannels\t\t\t\t\t\t\t<\/h4>\n\t\t\t\t\t\t\n\t\t\t\t\t\t\t\t\t\t\t\t\t<div class=\"banner-inner reset-last-child wd-fontsize-xs\" data-elementor-setting-key=\"content\">\n\t\t\t\t\t\t\t\t<p>G\u00fcvenli E-posta<\/p>\n\t\t\t\t\t\t\t<\/div>\n\t\t\t\t\t\t\n\t\t\t\t\t\t\n\t\t\t\t\t\t\t\t\t\t\t\t\t<div class=\"banner-btn-wrapper\">\n\t\t\t\t\t\t\t\t\t\t<div class=\"wd-button-wrapper text-left\" >\n\t\t\t<a class=\"btn btn-style-default btn-shape-semi-round btn-size-small btn-color-white btn-icon-pos-right\" >\n\t\t\t\t<span class=\"wd-btn-text\" data-elementor-setting-key=\"text\">\n\t\t\t\t\tDetaylar\u0131 G\u00f6r\u00fcnt\u00fcle\t\t\t\t<\/span>\n\n\t\t\t\t\t\t\t<\/a>\n\t\t<\/div>\n\t\t\t\t\t\t\t\t\t<\/div>\n\t\t\t\t\t\t\t\t\t\t\t<\/div>\n\t\t\t\t<\/div>\n\n\t\t\t\t\t\t\t<\/div>\n\t\t<\/div>\n\t\t\t\t\t\t<\/div>\n\t\t\t\t<\/div>\n\t\t\t\t<\/div>\n\t\t\t\t<\/div>\n\t\t<div class=\"elementor-element elementor-element-f816e73 e-con-full e-flex e-con e-child\" data-id=\"f816e73\" data-element_type=\"container\" data-e-type=\"container\">\n\t\t\t\t<div class=\"elementor-element elementor-element-add2d95 elementor-widget elementor-widget-wd_banner\" data-id=\"add2d95\" data-element_type=\"widget\" data-e-type=\"widget\" data-widget_type=\"wd_banner.default\">\n\t\t\t\t<div class=\"elementor-widget-container\">\n\t\t\t\t\t\t\t<div class=\"promo-banner-wrapper\">\n\t\t\t<div class=\"promo-banner banner-default banner-hover-none color-scheme-light banner-btn-size-default banner-btn-style-3d with-btn banner-btn-position-static wd-with-link\">\n\t\t\t\t<div class=\"main-wrapp-img\">\n\t\t\t\t\t<div class=\"banner-image\">\n\t\t\t\t\t\t\t\t\t\t\t\t\t\t\t\t\t\t\t\t\t<img loading=\"lazy\" decoding=\"async\" width=\"1200\" height=\"1440\" src=\"https:\/\/kastabala.com\/wp-content\/uploads\/2025\/08\/v.jpg\" class=\"attachment-full size-full\" alt=\"\" srcset=\"https:\/\/kastabala.com\/wp-content\/uploads\/2025\/08\/v.jpg 1200w, https:\/\/kastabala.com\/wp-content\/uploads\/2025\/08\/v-250x300.jpg 250w, https:\/\/kastabala.com\/wp-content\/uploads\/2025\/08\/v-853x1024.jpg 853w, https:\/\/kastabala.com\/wp-content\/uploads\/2025\/08\/v-768x922.jpg 768w, https:\/\/kastabala.com\/wp-content\/uploads\/2025\/08\/v-10x12.jpg 10w, https:\/\/kastabala.com\/wp-content\/uploads\/2025\/08\/v-150x180.jpg 150w\" sizes=\"auto, (max-width: 1200px) 100vw, 1200px\" \/>\t\t\t\t\t\t\t\t\t\t\t\t\t\t\t\t\t\t<\/div>\n\t\t\t\t<\/div>\n\n\t\t\t\t<div class=\"wrapper-content-banner wd-fill wd-items-top wd-justify-center\">\n\t\t\t\t\t<div class=\"content-banner  text-center\">\n\t\t\t\t\t\t\t\t\t\t\t\t\t\n\t\t\t\t\t\t\t<div class=\"banner-subtitle subtitle-style-default wd-fontsize-xs\" data-elementor-setting-key=\"subtitle\">\n\t\t\t\t\t\t\t\t<strong>Sertifikal\u0131 Tier 4 Veri Merkezi - Maksimum G\u00fcvenilirlik ve G\u00fcvenlik<\/strong>\t\t\t\t\t\t\t<\/div>\n\t\t\t\t\t\t\n\t\t\t\t\t\t\t\t\t\t\t\t\t<h4 class=\"banner-title wd-fontsize-l\" data-elementor-setting-key=\"title\">\n\t\t\t\t\t\t\t\tE-Ticaret i\u00e7in Y\u00fcksek Performansl\u0131 \u0130ngiltere Hosting\t\t\t\t\t\t\t<\/h4>\n\t\t\t\t\t\t\n\t\t\t\t\t\t\t\t\t\t\t\t\t<div class=\"banner-inner reset-last-child wd-fontsize-xs\" data-elementor-setting-key=\"content\">\n\t\t\t\t\t\t\t\t<p><strong>4 CPU \/ 4 GB RAM<\/strong><\/p>\n\t\t\t\t\t\t\t<\/div>\n\t\t\t\t\t\t\n\t\t\t\t\t\t\n\t\t\t\t\t\t\t\t\t\t\t\t\t<div class=\"banner-btn-wrapper\">\n\t\t\t\t\t\t\t\t\t\t<div class=\"wd-button-wrapper text-center\" >\n\t\t\t<a class=\"btn btn-style-3d btn-shape-semi-round btn-size-default btn-color-primary btn-icon-pos-right\"  href=\"https:\/\/kastabala.com\/tr\/hosting\/e-ticaret-barindirma\/\">\n\t\t\t\t<span class=\"wd-btn-text\" data-elementor-setting-key=\"text\">\n\t\t\t\t\tPlanlar\u0131 G\u00f6r\u00fcnt\u00fcle\t\t\t\t<\/span>\n\n\t\t\t\t\t\t\t<\/a>\n\t\t<\/div>\n\t\t\t\t\t\t\t\t\t<\/div>\n\t\t\t\t\t\t\t\t\t\t\t<\/div>\n\t\t\t\t<\/div>\n\n\t\t\t\t\t\t\t\t\t<a href=\"https:\/\/kastabala.com\/tr\/hosting\/e-ticaret-barindirma\/\" class=\"wd-promo-banner-link wd-fill\" aria-label=\"Banner ba\u011flant\u0131s\u0131\"><\/a>\n\t\t\t\t\t\t\t<\/div>\n\t\t<\/div>\n\t\t\t\t\t\t<\/div>\n\t\t\t\t<\/div>\n\t\t\t\t<\/div>\n\t\t\t\t\t<\/div>\n\t\t\t\t<\/div>\n\t\t\t\t<\/div>","protected":false},"excerpt":{"rendered":"<p>E-Ticaret \u00c7\u00f6z\u00fcmleri: Yenilik\u00e7i Teknoloji, \u00dcst\u00fcn Performans Modern e-ticaret d\u00fcnyas\u0131nda ba\u015far\u0131, h\u0131z ve kalitede m\u00fckemmelli\u011fe ula\u015fmakta yatar.<\/p>","protected":false},"author":1,"featured_media":0,"parent":0,"menu_order":0,"comment_status":"closed","ping_status":"closed","template":"","meta":{"footnotes":""},"class_list":["post-2024","page","type-page","status-publish","hentry"],"_links":{"self":[{"href":"https:\/\/kastabala.com\/tr\/wp-json\/wp\/v2\/pages\/2024","targetHints":{"allow":["GET"]}}],"collection":[{"href":"https:\/\/kastabala.com\/tr\/wp-json\/wp\/v2\/pages"}],"about":[{"href":"https:\/\/kastabala.com\/tr\/wp-json\/wp\/v2\/types\/page"}],"author":[{"embeddable":true,"href":"https:\/\/kastabala.com\/tr\/wp-json\/wp\/v2\/users\/1"}],"replies":[{"embeddable":true,"href":"https:\/\/kastabala.com\/tr\/wp-json\/wp\/v2\/comments?post=2024"}],"version-history":[{"count":161,"href":"https:\/\/kastabala.com\/tr\/wp-json\/wp\/v2\/pages\/2024\/revisions"}],"predecessor-version":[{"id":11685,"href":"https:\/\/kastabala.com\/tr\/wp-json\/wp\/v2\/pages\/2024\/revisions\/11685"}],"wp:attachment":[{"href":"https:\/\/kastabala.com\/tr\/wp-json\/wp\/v2\/media?parent=2024"}],"curies":[{"name":"wp","href":"https:\/\/api.w.org\/{rel}","templated":true}]}}