{"id":108,"date":"2022-12-01T13:33:43","date_gmt":"2022-12-01T13:33:43","guid":{"rendered":"http:\/\/dummy.xtemos.com\/woodmart2\/mega-electronics-elementor\/?page_id=108"},"modified":"2022-12-01T13:33:43","modified_gmt":"2022-12-01T13:33:43","slug":"karsilastirin","status":"publish","type":"page","link":"https:\/\/kastabala.com\/tr\/karsilastirin\/","title":{"rendered":"Kar\u015f\u0131la\u015ft\u0131rma"},"content":{"rendered":"<div data-elementor-type=\"wp-page\" data-elementor-id=\"108\" class=\"elementor elementor-108\">\n\t\t\t\t\t\t<section class=\"wd-negative-gap elementor-section elementor-top-section elementor-element elementor-element-3888c4a elementor-section-boxed elementor-section-height-default elementor-section-height-default\" data-id=\"3888c4a\" data-element_type=\"section\" data-e-type=\"section\">\n\t\t\t\t\t\t<div class=\"elementor-container elementor-column-gap-default\">\n\t\t\t\t\t<div class=\"elementor-column elementor-col-100 elementor-top-column elementor-element elementor-element-a3b54d3\" data-id=\"a3b54d3\" data-element_type=\"column\" data-e-type=\"column\">\n\t\t\t<div class=\"elementor-widget-wrap elementor-element-populated\">\n\t\t\t\t\t\t<div class=\"elementor-element elementor-element-4183600 elementor-widget elementor-widget-wd_compare\" data-id=\"4183600\" data-element_type=\"widget\" data-e-type=\"widget\" data-widget_type=\"wd_compare.default\">\n\t\t\t\t<div class=\"elementor-widget-container\">\n\t\t\t\t\t\t\t<p class=\"wd-empty-compare wd-empty-page\">\n\t\t\tKar\u015f\u0131la\u015ft\u0131rma listesi bo\u015f.\t\t<\/p>\n\t\t\t\t\t<div class=\"wd-empty-page-text\">\n\t\t\t\tKar\u015f\u0131la\u015ft\u0131rma listesine eklenmi\u015f \u00fcr\u00fcn yok. Kar\u015f\u0131la\u015ft\u0131rmak i\u00e7in baz\u0131 \u00fcr\u00fcnler eklemelisiniz. \"Ma\u011faza\" sayfam\u0131zda bir\u00e7ok ilgin\u00e7 \u00fcr\u00fcn bulacaks\u0131n\u0131z.\t\t\t<\/div>\n\t\t\t\t<p class=\"return-to-shop\">\n\t\t\t<a class=\"button\" href=\"https:\/\/kastabala.com\/tr\/dukkan\/\">\n\t\t\t\tMa\u011fazaya geri d\u00f6n\t\t\t<\/a>\n\t\t<\/p>\n\t\t\t\t\t\t<\/div>\n\t\t\t\t<\/div>\n\t\t\t\t\t<\/div>\n\t\t<\/div>\n\t\t\t\t\t<\/div>\n\t\t<\/section>\n\t\t\t\t<\/div>","protected":false},"excerpt":{"rendered":"<p>Kald\u0131r AOC Q24P2Q \u00a3280,00 Sepete ekle Kald\u0131r AOC AGON AG493UCX 1 m\u00fc\u015fteriye g\u00f6re 5 \u00fczerinden 5,00 puan<\/p>","protected":false},"author":1,"featured_media":0,"parent":0,"menu_order":0,"comment_status":"closed","ping_status":"closed","template":"","meta":{"footnotes":""},"class_list":["post-108","page","type-page","status-publish","hentry"],"_links":{"self":[{"href":"https:\/\/kastabala.com\/tr\/wp-json\/wp\/v2\/pages\/108","targetHints":{"allow":["GET"]}}],"collection":[{"href":"https:\/\/kastabala.com\/tr\/wp-json\/wp\/v2\/pages"}],"about":[{"href":"https:\/\/kastabala.com\/tr\/wp-json\/wp\/v2\/types\/page"}],"author":[{"embeddable":true,"href":"https:\/\/kastabala.com\/tr\/wp-json\/wp\/v2\/users\/1"}],"replies":[{"embeddable":true,"href":"https:\/\/kastabala.com\/tr\/wp-json\/wp\/v2\/comments?post=108"}],"version-history":[{"count":0,"href":"https:\/\/kastabala.com\/tr\/wp-json\/wp\/v2\/pages\/108\/revisions"}],"wp:attachment":[{"href":"https:\/\/kastabala.com\/tr\/wp-json\/wp\/v2\/media?parent=108"}],"curies":[{"name":"wp","href":"https:\/\/api.w.org\/{rel}","templated":true}]}}